{"id":1779,"date":"2018-09-19T20:55:10","date_gmt":"2018-09-19T20:55:10","guid":{"rendered":"http:\/\/www.firstclasspr.it\/?page_id=1779"},"modified":"2023-12-06T14:41:51","modified_gmt":"2023-12-06T14:41:51","slug":"eventi","status":"publish","type":"page","link":"https:\/\/firstclasspr.it\/en\/eventi\/","title":{"rendered":"Events"},"content":{"rendered":"<div id=\"pl-1779\"  class=\"panel-layout\" ><div id=\"pg-1779-0\"  class=\"panel-grid panel-no-style\" ><div id=\"pgc-1779-0-0\"  class=\"panel-grid-cell\" ><div id=\"panel-1779-0-0-0\" class=\"so-panel widget widget_sow-hero panel-first-child panel-last-child\" data-index=\"0\" ><div\n\t\t\t\n\t\t\tclass=\"so-widget-sow-hero so-widget-sow-hero-default-f68d31861223-1779 so-widget-fittext-wrapper\"\n\t\t\t data-fit-text-compressor=\"0.85\"\n\t\t>\t\t\t\t<div class=\"sow-slider-base\" style=\"display: none\" tabindex=\"0\">\n\t\t\t\t\t<ul\n\t\t\t\t\tclass=\"sow-slider-images\"\n\t\t\t\t\tdata-settings=\"{&quot;pagination&quot;:true,&quot;speed&quot;:800,&quot;timeout&quot;:8000,&quot;paused&quot;:false,&quot;pause_on_hover&quot;:false,&quot;swipe&quot;:true,&quot;nav_always_show_desktop&quot;:&quot;&quot;,&quot;nav_always_show_mobile&quot;:&quot;&quot;,&quot;breakpoint&quot;:&quot;780px&quot;,&quot;unmute&quot;:false,&quot;anchor&quot;:null}\"\n\t\t\t\t\tstyle=\"min-height: 150px\"\t\t\t\t\tdata-anchor-id=\"\"\n\t\t\t\t>\t\t<li class=\"sow-slider-image  sow-slider-image-cover\" style=\"visibility: visible;;background-color: #2186f0\" >\n\t\t\t\t\t<div class=\"sow-slider-image-container\">\n\t\t\t<div class=\"sow-slider-image-wrapper\">\n\t\t\t\t\t\t\t<\/div>\n\t\t<\/div>\n\t\t<div class=\"sow-slider-image-overlay sow-slider-image-cover\" style=\"opacity: 0.49;background-image: url(https:\/\/firstclasspr.it\/wp-content\/uploads\/2018\/09\/nick-adams-516946-unsplash.jpg)\"  ><\/div>\t\t<\/li>\n\t\t<\/ul>\t\t\t\t<ol class=\"sow-slider-pagination\">\n\t\t\t\t\t\t\t\t\t\t\t<li><a href=\"#\" data-goto=\"0\" aria-label=\"Display slide 1\"><\/a><\/li>\n\t\t\t\t\t\t\t\t\t<\/ol>\n\n\t\t\t\t<div class=\"sow-slide-nav sow-slide-nav-next\">\n\t\t\t\t\t<a href=\"#\" data-goto=\"next\" aria-label=\"Next slide\" data-action=\"next\">\n\t\t\t\t\t\t<em class=\"sow-sld-icon-thin-right\"><\/em>\n\t\t\t\t\t<\/a>\n\t\t\t\t<\/div>\n\n\t\t\t\t<div class=\"sow-slide-nav sow-slide-nav-prev\">\n\t\t\t\t\t<a href=\"#\" data-goto=\"previous\" aria-label=\"Previous slide\" data-action=\"prev\">\n\t\t\t\t\t\t<em class=\"sow-sld-icon-thin-left\"><\/em>\n\t\t\t\t\t<\/a>\n\t\t\t\t<\/div>\n\t\t\t\t<\/div><\/div><\/div><\/div><\/div><div id=\"pg-1779-1\"  class=\"panel-grid panel-has-style\" ><div class=\"panel-row-style panel-row-style-for-1779-1\" ><div id=\"pgc-1779-1-0\"  class=\"panel-grid-cell panel-grid-cell-empty\" ><\/div><div id=\"pgc-1779-1-1\"  class=\"panel-grid-cell\" ><div id=\"panel-1779-1-1-0\" class=\"so-panel widget widget_sow-headline panel-first-child panel-last-child\" data-index=\"1\" ><div class=\"wow bounceInDown panel-widget-style panel-widget-style-for-1779-1-1-0\" data-wow-offset=\"10\" data-wow-iteration=\"1\" ><div\n\t\t\t\n\t\t\tclass=\"so-widget-sow-headline so-widget-sow-headline-default-a0db943859dd-1779\"\n\t\t\t\n\t\t><div class=\"sow-headline-container\">\n\t\t\t\t\t\t\t<h2 class=\"sow-sub-headline\">\n\t\t\t\t\t\tWhat we do\t\t\t\t\t\t<\/h2>\n\t\t\t\t\t\t<\/div>\n<\/div><\/div><\/div><\/div><div id=\"pgc-1779-1-2\"  class=\"panel-grid-cell panel-grid-cell-empty panel-grid-cell-mobile-last\" ><\/div><div id=\"pgc-1779-1-3\"  class=\"panel-grid-cell panel-grid-cell-empty\" ><\/div><\/div><\/div><div id=\"pg-1779-2\"  class=\"panel-grid panel-has-style\" ><div class=\"panel-row-style panel-row-style-for-1779-2\" ><div id=\"pgc-1779-2-0\"  class=\"panel-grid-cell panel-grid-cell-empty\" ><\/div><div id=\"pgc-1779-2-1\"  class=\"panel-grid-cell\" ><div id=\"panel-1779-2-1-0\" class=\"so-panel widget widget_sow-headline panel-first-child\" data-index=\"2\" ><div class=\"wow bounceInDown panel-widget-style panel-widget-style-for-1779-2-1-0\" data-wow-delay=\"1s\" data-wow-offset=\"10\" data-wow-iteration=\"1\" ><div\n\t\t\t\n\t\t\tclass=\"so-widget-sow-headline so-widget-sow-headline-default-c75d04e3af9f-1779\"\n\t\t\t\n\t\t><div class=\"sow-headline-container\">\n\t\t\t\t\t\t\t<h1 class=\"sow-headline\">\n\t\t\t\t\t\tEVENTS\t\t\t\t\t\t<\/h1>\n\t\t\t\t\t\t<\/div>\n<\/div><\/div><\/div><div id=\"panel-1779-2-1-1\" class=\"so-panel widget widget_text\" data-index=\"3\" >\t\t\t<div class=\"textwidget\"><p class=\"xmsonormal\" style=\"background: white;\"><span style=\"font-size: 14.0pt; color: black;\">First Class PR \u00e8 in grado di ideare e gestire eventi originali, memorabili ed emozionali per il lancio di nuovi prodotti o servizi, meeting aziendali, convention, sia per il target corporate che per quelli B2B e consumer.<br \/>\nA partire dal concept creativo, fino alla completa realizzazione, anche online, First Class PR segue step by step tutte le fasi di svolgimento e accompagna il cliente come unico referente per la scelta e la gestione di tutti i fornitori.\u00a0<\/span><\/p>\n<p class=\"xmsonormal\" style=\"background: white;\"><span style=\"font-size: 14.0pt; color: black;\">Si parte dal briefing sui messaggi da trasferire, il pubblico da coinvolgere e quale il risultato che il cliente si aspetta perch\u00e9 un evento sia di successo. Il team eventi dell\u2019agenzia dopo un brainstorming interno, condivide le idee e il concept da sviluppare, declinato secondo il budget. La bravura di un\u2019agenzia non si misura solo su grandi possibilit\u00e0 di spesa, ma nella capacit\u00e0 di trovare soluzioni smart anche con risorse contenute. Questo \u00e8 un obiettivo per noi fondamentale, perch\u00e9 sappiamo metterci dalla parte del cliente.\u00a0<\/span><\/p>\n<p class=\"xmsonormal\" style=\"background: white;\"><span style=\"font-size: 14.0pt; color: black;\">Il concept vincente viene infine sviluppato con naming, grafica, logo e declinato in tutti i dettagli. First Class PR si occupa di tutto il processo creativo e operativo e seleziona i partner pi\u00f9 adatti per essere certi dei migliori risultati e per ottimizzare i tempi, fattore molto importante in fase organizzativa di un evento. \u00a0Il team \u00e8 sempre presente in fase di allestimento e durante tutte le fasi dell\u2019evento, per la cura di tutti i particolari ed eventuali interventi nella gestione dei fornitori e degli ospiti. Se viene coinvolto pubblico, First Class PR pu\u00f2 supportare il cliente nella comunicazione dell\u2019evento sui media in target, garantendone visibilit\u00e0. <\/span><\/p>\n<\/div>\n\t\t<\/div><div id=\"panel-1779-2-1-2\" class=\"so-panel widget widget_sow-editor panel-last-child\" data-index=\"4\" ><div\n\t\t\t\n\t\t\tclass=\"so-widget-sow-editor so-widget-sow-editor-base\"\n\t\t\t\n\t\t>\n<div class=\"siteorigin-widget-tinymce textwidget\">\n\t<div class=\"row\" style=\"font-size:18px;\">\n \n<div class=\"col-sm-6\">\n<ul>\n <li>Ideazione e creativit\u00e0<\/li>\n <li>Produzione<\/li>\n <li>Provider management<\/li>\n <li>Controllo budget<\/li>\t\n<\/ul>\n<\/div>\n<div class=\"col-sm-6\">\n<ul>\n <li>Segreteria Organizzativa<\/li>\n <li>Sviluppo Partnership<\/li>\n <li>Eventuale visibilit\u00e0 mediatica dell\u2019evento<\/li>\t\n<\/ul>\n<\/div>\n\n<\/div>\n<\/div>\n<\/div><\/div><\/div><div id=\"pgc-1779-2-2\"  class=\"panel-grid-cell panel-grid-cell-empty\" ><\/div><div id=\"pgc-1779-2-3\"  class=\"panel-grid-cell panel-grid-cell-mobile-last\" ><div id=\"panel-1779-2-3-0\" class=\"so-panel widget widget_sow-image panel-first-child panel-last-child\" data-index=\"5\" ><div\n\t\t\t\n\t\t\tclass=\"so-widget-sow-image so-widget-sow-image-default-8b5b6f678277-1779\"\n\t\t\t\n\t\t>\n<div class=\"sow-image-container\">\n\t\t<img \n\tsrc=\"https:\/\/firstclasspr.it\/wp-content\/uploads\/2018\/09\/Faber_Showroom_Aria_di_Rinascita_2021.jpg\" width=\"1500\" height=\"1125\" srcset=\"https:\/\/firstclasspr.it\/wp-content\/uploads\/2018\/09\/Faber_Showroom_Aria_di_Rinascita_2021.jpg 1500w, https:\/\/firstclasspr.it\/wp-content\/uploads\/2018\/09\/Faber_Showroom_Aria_di_Rinascita_2021-300x225.jpg 300w, https:\/\/firstclasspr.it\/wp-content\/uploads\/2018\/09\/Faber_Showroom_Aria_di_Rinascita_2021-1024x768.jpg 1024w, https:\/\/firstclasspr.it\/wp-content\/uploads\/2018\/09\/Faber_Showroom_Aria_di_Rinascita_2021-768x576.jpg 768w, https:\/\/firstclasspr.it\/wp-content\/uploads\/2018\/09\/Faber_Showroom_Aria_di_Rinascita_2021-16x12.jpg 16w, https:\/\/firstclasspr.it\/wp-content\/uploads\/2018\/09\/Faber_Showroom_Aria_di_Rinascita_2021-500x375.jpg 500w, https:\/\/firstclasspr.it\/wp-content\/uploads\/2018\/09\/Faber_Showroom_Aria_di_Rinascita_2021-800x600.jpg 800w, https:\/\/firstclasspr.it\/wp-content\/uploads\/2018\/09\/Faber_Showroom_Aria_di_Rinascita_2021-1280x960.jpg 1280w\" sizes=\"(max-width: 1500px) 100vw, 1500px\" alt=\"\" \t\tclass=\"so-widget-image\"\/>\n\t<\/div>\n\n<\/div><\/div><\/div><div id=\"pgc-1779-2-4\"  class=\"panel-grid-cell panel-grid-cell-empty\" ><\/div><\/div><\/div><div id=\"pg-1779-3\"  class=\"panel-grid panel-has-style\" ><div class=\"panel-row-style panel-row-style-for-1779-3\" ><div id=\"pgc-1779-3-0\"  class=\"panel-grid-cell\" ><div id=\"panel-1779-3-0-0\" class=\"so-panel widget widget_sow-headline panel-first-child\" data-index=\"6\" ><div class=\"panel-widget-style panel-widget-style-for-1779-3-0-0\" ><div\n\t\t\t\n\t\t\tclass=\"so-widget-sow-headline so-widget-sow-headline-default-e52107282d52-1779\"\n\t\t\t\n\t\t><div class=\"sow-headline-container\">\n\t\t\t\t\t\t\t<h2 class=\"sow-headline\">\n\t\t\t\t\t\tLet's Talk About Work \t\t\t\t\t\t<\/h2>\n\t\t\t\t\t\t\t\t\t\t\t\t<h3 class=\"sow-sub-headline\">\n\t\t\t\t\t\tFor more informations about all our services contact us.\t\t\t\t\t\t<\/h3>\n\t\t\t\t\t\t<\/div>\n<\/div><\/div><\/div><div id=\"panel-1779-3-0-1\" class=\"so-panel widget widget_sow-button panel-last-child\" data-index=\"7\" ><div\n\t\t\t\n\t\t\tclass=\"so-widget-sow-button so-widget-sow-button-flat-1ea7dbe3f662-1779\"\n\t\t\t\n\t\t><div class=\"ow-button-base ow-button-align-center\"\n>\n\t\t\t<a\n\t\t\t\t\thref=\"https:\/\/firstclasspr.it\/en\/contatti\/\"\n\t\t\t\t\tclass=\"sowb-button ow-icon-placement-left ow-button-hover\" \t>\n\t\t<span>\n\t\t\t\n\t\t\tCONTACT\t\t<\/span>\n\t\t\t<\/a>\n\t<\/div>\n<\/div><\/div><\/div><\/div><\/div><div id=\"pg-1779-4\"  class=\"panel-grid panel-has-style\" ><div class=\"panel-row-style panel-row-style-for-1779-4\" ><div id=\"pgc-1779-4-0\"  class=\"panel-grid-cell panel-grid-cell-empty\" ><\/div><div id=\"pgc-1779-4-1\"  class=\"panel-grid-cell\" ><div id=\"panel-1779-4-1-0\" class=\"so-panel widget widget_cl-ib widget-cl-ib panel-first-child panel-last-child\" data-index=\"8\" ><a href=\"https:\/\/firstclasspr.it\/en\/ufficio-stampa\/\" class=\"cl-ib animation_phorcys ratio_2x1 align_center with_title cl_custom_css_1\" style=\"width:100%;background-color:#444444;color:#ffffff;\"><div class=\"cl-ib-h easing_ease\"><div class=\"cl-ib-image\" style=\"background-image: url(https:\/\/firstclasspr.it\/wp-content\/uploads\/2023\/09\/UfficioStampa-300x205.jpeg)\"><img loading=\"lazy\" decoding=\"async\" src=\"https:\/\/firstclasspr.it\/wp-content\/uploads\/2023\/09\/UfficioStampa-300x205.jpeg\" width=\"300\" height=\"205\"  alt=\"UFFICIO STAMPA\" \/><\/div><div class=\"cl-ib-content\" style=\"padding:10%;\"><div class=\"cl-ib-content-h\"><h4 class=\"cl-ib-title\" style=\"font-size:20px;\">PRESS OFFICE<\/h4><\/div><\/div><\/div><\/a><style type=\"text\/css\">@media only screen and (max-width: 599px) {.cl_custom_css_1 .cl-ib-title { font-size:24px !important; }}<\/style><\/div><\/div><div id=\"pgc-1779-4-2\"  class=\"panel-grid-cell\" ><div id=\"panel-1779-4-2-0\" class=\"so-panel widget widget_cl-ib widget-cl-ib panel-first-child panel-last-child\" data-index=\"9\" ><a href=\"https:\/\/firstclasspr.it\/en\/media-relations\/\" class=\"cl-ib animation_phorcys ratio_2x1 align_center with_title cl_custom_css_2\" style=\"width:100%;background-color:#444444;color:#ffffff;\"><div class=\"cl-ib-h easing_ease\"><div class=\"cl-ib-image\" style=\"background-image: url(https:\/\/firstclasspr.it\/wp-content\/uploads\/2023\/09\/MediaRelations-300x200.jpeg)\"><img loading=\"lazy\" decoding=\"async\" src=\"https:\/\/firstclasspr.it\/wp-content\/uploads\/2023\/09\/MediaRelations-300x200.jpeg\" width=\"300\" height=\"200\"  alt=\"MEDIA RELATIONS\" \/><\/div><div class=\"cl-ib-content\" style=\"padding:10%;\"><div class=\"cl-ib-content-h\"><h4 class=\"cl-ib-title\" style=\"font-size:20px;\">MEDIA RELATIONS<\/h4><\/div><\/div><\/div><\/a><style type=\"text\/css\">@media only screen and (max-width: 599px) {.cl_custom_css_2 .cl-ib-title { font-size:24px !important; }}<\/style><\/div><\/div><div id=\"pgc-1779-4-3\"  class=\"panel-grid-cell panel-grid-cell-mobile-last\" ><div id=\"panel-1779-4-3-0\" class=\"so-panel widget widget_cl-ib widget-cl-ib panel-first-child panel-last-child\" data-index=\"10\" ><a href=\"https:\/\/firstclasspr.it\/en\/contenuti-editoriali\/\" class=\"cl-ib animation_phorcys ratio_2x1 align_center with_title cl_custom_css_3\" style=\"width:100%;background-color:#444444;color:#ffffff;\"><div class=\"cl-ib-h easing_ease\"><div class=\"cl-ib-image\" style=\"background-image: url(https:\/\/firstclasspr.it\/wp-content\/uploads\/2023\/09\/ContenutiEditoriali-300x150.jpeg)\"><img loading=\"lazy\" decoding=\"async\" src=\"https:\/\/firstclasspr.it\/wp-content\/uploads\/2023\/09\/ContenutiEditoriali-300x150.jpeg\" width=\"300\" height=\"150\"  alt=\"CONTENUTI EDITORIALI\" \/><\/div><div class=\"cl-ib-content\" style=\"padding:10%;\"><div class=\"cl-ib-content-h\"><h4 class=\"cl-ib-title\" style=\"font-size:20px;\">CONTENUTI EDITORIALI<\/h4><\/div><\/div><\/div><\/a><style type=\"text\/css\">@media only screen and (max-width: 599px) {.cl_custom_css_3 .cl-ib-title { font-size:24px !important; }}<\/style><\/div><\/div><div id=\"pgc-1779-4-4\"  class=\"panel-grid-cell panel-grid-cell-empty\" ><\/div><\/div><\/div><\/div>","protected":false},"excerpt":{"rendered":"<p>What we do EVENTI First Class PR \u00e8 in grado di ideare e gestire eventi originali, memorabili ed emozionali per il lancio di nuovi prodotti o servizi, meeting aziendali, convention, &#8230;<\/p>","protected":false},"author":2,"featured_media":0,"parent":0,"menu_order":0,"comment_status":"closed","ping_status":"closed","template":"template-fullwidth-stretched.php","meta":{"_vp_format_video_url":"","_vp_image_focal_point":[],"footnotes":""},"class_list":["post-1779","page","type-page","status-publish","hentry"],"yoast_head":"<!-- This site is optimized with the Yoast SEO plugin v27.4 - https:\/\/yoast.com\/product\/yoast-seo-wordpress\/ -->\n<title>Eventi | First Class PR | Agenzia di Comunicazione<\/title>\n<meta name=\"description\" content=\"First Class PR \u00e8 in grado di ideare e realizzare eventi originali e memorabili. Gestione dei fornitori, Segreteria organizzativa, Rapporti con la stampa.\" \/>\n<meta name=\"robots\" content=\"index, follow, max-snippet:-1, max-image-preview:large, max-video-preview:-1\" \/>\n<link rel=\"canonical\" href=\"https:\/\/firstclasspr.it\/en\/eventi\/\" \/>\n<meta property=\"og:locale\" content=\"en_US\" \/>\n<meta property=\"og:type\" content=\"article\" \/>\n<meta property=\"og:title\" content=\"Eventi | First Class PR | Agenzia di Comunicazione\" \/>\n<meta property=\"og:description\" content=\"First Class PR \u00e8 in grado di ideare e realizzare eventi originali e memorabili. Gestione dei fornitori, Segreteria organizzativa, Rapporti con la stampa.\" \/>\n<meta property=\"og:url\" content=\"https:\/\/firstclasspr.it\/en\/eventi\/\" \/>\n<meta property=\"og:site_name\" content=\"First Class PR\" \/>\n<meta property=\"article:publisher\" content=\"https:\/\/www.facebook.com\/FCPRMilano\/\" \/>\n<meta property=\"article:modified_time\" content=\"2023-12-06T14:41:51+00:00\" \/>\n<meta name=\"twitter:card\" content=\"summary_large_image\" \/>\n<meta name=\"twitter:label1\" content=\"Est. reading time\" \/>\n\t<meta name=\"twitter:data1\" content=\"2 minutes\" \/>\n<script type=\"application\/ld+json\" class=\"yoast-schema-graph\">{\"@context\":\"https:\\\/\\\/schema.org\",\"@graph\":[{\"@type\":\"WebPage\",\"@id\":\"https:\\\/\\\/firstclasspr.it\\\/eventi\\\/\",\"url\":\"https:\\\/\\\/firstclasspr.it\\\/eventi\\\/\",\"name\":\"Eventi | First Class PR | Agenzia di Comunicazione\",\"isPartOf\":{\"@id\":\"https:\\\/\\\/firstclasspr.it\\\/#website\"},\"datePublished\":\"2018-09-19T20:55:10+00:00\",\"dateModified\":\"2023-12-06T14:41:51+00:00\",\"description\":\"First Class PR \u00e8 in grado di ideare e realizzare eventi originali e memorabili. Gestione dei fornitori, Segreteria organizzativa, Rapporti con la stampa.\",\"breadcrumb\":{\"@id\":\"https:\\\/\\\/firstclasspr.it\\\/eventi\\\/#breadcrumb\"},\"inLanguage\":\"en-US\",\"potentialAction\":[{\"@type\":\"ReadAction\",\"target\":[\"https:\\\/\\\/firstclasspr.it\\\/eventi\\\/\"]}]},{\"@type\":\"BreadcrumbList\",\"@id\":\"https:\\\/\\\/firstclasspr.it\\\/eventi\\\/#breadcrumb\",\"itemListElement\":[{\"@type\":\"ListItem\",\"position\":1,\"name\":\"Home\",\"item\":\"https:\\\/\\\/firstclasspr.it\\\/\"},{\"@type\":\"ListItem\",\"position\":2,\"name\":\"Eventi\"}]},{\"@type\":\"WebSite\",\"@id\":\"https:\\\/\\\/firstclasspr.it\\\/#website\",\"url\":\"https:\\\/\\\/firstclasspr.it\\\/\",\"name\":\"First Class PR\",\"description\":\"Agenzia di Comunicazione\",\"publisher\":{\"@id\":\"https:\\\/\\\/firstclasspr.it\\\/#organization\"},\"potentialAction\":[{\"@type\":\"SearchAction\",\"target\":{\"@type\":\"EntryPoint\",\"urlTemplate\":\"https:\\\/\\\/firstclasspr.it\\\/?s={search_term_string}\"},\"query-input\":{\"@type\":\"PropertyValueSpecification\",\"valueRequired\":true,\"valueName\":\"search_term_string\"}}],\"inLanguage\":\"en-US\"},{\"@type\":\"Organization\",\"@id\":\"https:\\\/\\\/firstclasspr.it\\\/#organization\",\"name\":\"First Class Pr\",\"url\":\"https:\\\/\\\/firstclasspr.it\\\/\",\"logo\":{\"@type\":\"ImageObject\",\"inLanguage\":\"en-US\",\"@id\":\"https:\\\/\\\/firstclasspr.it\\\/#\\\/schema\\\/logo\\\/image\\\/\",\"url\":\"https:\\\/\\\/firstclasspr.it\\\/wp-content\\\/uploads\\\/2018\\\/09\\\/First-Class-Logo-Sito.png\",\"contentUrl\":\"https:\\\/\\\/firstclasspr.it\\\/wp-content\\\/uploads\\\/2018\\\/09\\\/First-Class-Logo-Sito.png\",\"width\":200,\"height\":70,\"caption\":\"First Class Pr\"},\"image\":{\"@id\":\"https:\\\/\\\/firstclasspr.it\\\/#\\\/schema\\\/logo\\\/image\\\/\"},\"sameAs\":[\"https:\\\/\\\/www.facebook.com\\\/FCPRMilano\\\/\",\"https:\\\/\\\/www.instagram.com\\\/explore\\\/locations\\\/1820886501266533\\\/first-class-pr\\\/\",\"https:\\\/\\\/www.linkedin.com\\\/company\\\/first-class-pr\\\/\"]}]}<\/script>\n<!-- \/ Yoast SEO plugin. -->","yoast_head_json":{"title":"Eventi | First Class PR | Agenzia di Comunicazione","description":"First Class PR \u00e8 in grado di ideare e realizzare eventi originali e memorabili. Gestione dei fornitori, Segreteria organizzativa, Rapporti con la stampa.","robots":{"index":"index","follow":"follow","max-snippet":"max-snippet:-1","max-image-preview":"max-image-preview:large","max-video-preview":"max-video-preview:-1"},"canonical":"https:\/\/firstclasspr.it\/en\/eventi\/","og_locale":"en_US","og_type":"article","og_title":"Eventi | First Class PR | Agenzia di Comunicazione","og_description":"First Class PR \u00e8 in grado di ideare e realizzare eventi originali e memorabili. Gestione dei fornitori, Segreteria organizzativa, Rapporti con la stampa.","og_url":"https:\/\/firstclasspr.it\/en\/eventi\/","og_site_name":"First Class PR","article_publisher":"https:\/\/www.facebook.com\/FCPRMilano\/","article_modified_time":"2023-12-06T14:41:51+00:00","twitter_card":"summary_large_image","twitter_misc":{"Est. reading time":"2 minutes"},"schema":{"@context":"https:\/\/schema.org","@graph":[{"@type":"WebPage","@id":"https:\/\/firstclasspr.it\/eventi\/","url":"https:\/\/firstclasspr.it\/eventi\/","name":"Eventi | First Class PR | Agenzia di Comunicazione","isPartOf":{"@id":"https:\/\/firstclasspr.it\/#website"},"datePublished":"2018-09-19T20:55:10+00:00","dateModified":"2023-12-06T14:41:51+00:00","description":"First Class PR \u00e8 in grado di ideare e realizzare eventi originali e memorabili. Gestione dei fornitori, Segreteria organizzativa, Rapporti con la stampa.","breadcrumb":{"@id":"https:\/\/firstclasspr.it\/eventi\/#breadcrumb"},"inLanguage":"en-US","potentialAction":[{"@type":"ReadAction","target":["https:\/\/firstclasspr.it\/eventi\/"]}]},{"@type":"BreadcrumbList","@id":"https:\/\/firstclasspr.it\/eventi\/#breadcrumb","itemListElement":[{"@type":"ListItem","position":1,"name":"Home","item":"https:\/\/firstclasspr.it\/"},{"@type":"ListItem","position":2,"name":"Eventi"}]},{"@type":"WebSite","@id":"https:\/\/firstclasspr.it\/#website","url":"https:\/\/firstclasspr.it\/","name":"First Class PR","description":"Agenzia di Comunicazione","publisher":{"@id":"https:\/\/firstclasspr.it\/#organization"},"potentialAction":[{"@type":"SearchAction","target":{"@type":"EntryPoint","urlTemplate":"https:\/\/firstclasspr.it\/?s={search_term_string}"},"query-input":{"@type":"PropertyValueSpecification","valueRequired":true,"valueName":"search_term_string"}}],"inLanguage":"en-US"},{"@type":"Organization","@id":"https:\/\/firstclasspr.it\/#organization","name":"First Class Pr","url":"https:\/\/firstclasspr.it\/","logo":{"@type":"ImageObject","inLanguage":"en-US","@id":"https:\/\/firstclasspr.it\/#\/schema\/logo\/image\/","url":"https:\/\/firstclasspr.it\/wp-content\/uploads\/2018\/09\/First-Class-Logo-Sito.png","contentUrl":"https:\/\/firstclasspr.it\/wp-content\/uploads\/2018\/09\/First-Class-Logo-Sito.png","width":200,"height":70,"caption":"First Class Pr"},"image":{"@id":"https:\/\/firstclasspr.it\/#\/schema\/logo\/image\/"},"sameAs":["https:\/\/www.facebook.com\/FCPRMilano\/","https:\/\/www.instagram.com\/explore\/locations\/1820886501266533\/first-class-pr\/","https:\/\/www.linkedin.com\/company\/first-class-pr\/"]}]}},"_links":{"self":[{"href":"https:\/\/firstclasspr.it\/en\/wp-json\/wp\/v2\/pages\/1779","targetHints":{"allow":["GET"]}}],"collection":[{"href":"https:\/\/firstclasspr.it\/en\/wp-json\/wp\/v2\/pages"}],"about":[{"href":"https:\/\/firstclasspr.it\/en\/wp-json\/wp\/v2\/types\/page"}],"author":[{"embeddable":true,"href":"https:\/\/firstclasspr.it\/en\/wp-json\/wp\/v2\/users\/2"}],"replies":[{"embeddable":true,"href":"https:\/\/firstclasspr.it\/en\/wp-json\/wp\/v2\/comments?post=1779"}],"version-history":[{"count":35,"href":"https:\/\/firstclasspr.it\/en\/wp-json\/wp\/v2\/pages\/1779\/revisions"}],"predecessor-version":[{"id":3019,"href":"https:\/\/firstclasspr.it\/en\/wp-json\/wp\/v2\/pages\/1779\/revisions\/3019"}],"wp:attachment":[{"href":"https:\/\/firstclasspr.it\/en\/wp-json\/wp\/v2\/media?parent=1779"}],"curies":[{"name":"wp","href":"https:\/\/api.w.org\/{rel}","templated":true}]}}